{"id":8,"date":"2010-12-06T14:46:38","date_gmt":"2010-12-06T14:46:38","guid":{"rendered":"http:\/\/www.thidi.de\/?page_id=2"},"modified":"2016-06-19T17:42:30","modified_gmt":"2016-06-19T16:42:30","slug":"about","status":"publish","type":"page","link":"https:\/\/thidi.de\/?page_id=8","title":{"rendered":"About"},"content":{"rendered":"<p>&nbsp;<\/p>\n<p>Worte haben Macht, wenn sie geh\u00f6rt werden. Verstummen sie im Wind, sind sie Wertlos. Optimismus klingt anders, aber&#8230;, aber nichts. Die mei\u00dften Gef\u00fchle sind einseitig. Nicht unbedingt einseitig vorhanden, aber einseitig stark. Ebenso verh\u00e4lt es sich mit Charaktern. vielleicht nicht mit dem Charakter an sich, aber mit den einzelnen Eigenschaften, die man einem Charakter zuordnen kann. Humor kann lustig und beleidigend zugleich sein. Liebe kann st\u00fcrmisch auf der einen und gleichg\u00fcltig auf der anderen Seite sein. Sex kann zart und schmerzhaft sein, oder hart und leidenschaftlich. Leiden ist nicht nur eine Stadt. Leiden ist das Leben. Kein Gl\u00fcck kann ohne das Leid existieren. Es ist relativ. Warum sind dann nicht alle gl\u00fccklich, obschon Jesus doch das gr\u00f6\u00dfte Leid f\u00fcr alle ertragen hat? Schlicht: Es ist relativ. Jesus ist egal. Zumindest in der Summe. F\u00fcr den Einzelnen kann er die Rettung sein. Die Personifizierung des geteilten Leids. Geteiltes Leid? Memento mori! Bedenke, dass du sterben wirst. Das Leben ist final. Der der bleibt der siegt. Der der gesiegt hat, verliert. Der der verliert, der leidet. Alle Leiden. Geteiltes Leid ist halbes Leid. Leid ist Relativ. Geteiltes Leid?<\/p>\n<p>Ich klinge depressiv? Depression ist relativ. Ich bin gl\u00fccklich, da ich mit meiner Wahrheit leben kann. Ich bin depressiv, da die Wahrheit unsch\u00f6n ist. Ich bin gl\u00fccklich, da ich die Wahrheit formen kann. Ich bin depressiv, da deine Wahrheit nicht die meine ist.<\/p>\n<p>Hier ist mein Optimismus:<\/p>\n<p>Ich bin J. Reins und das ist mein Blog.<\/p>\n<p>Bisher habe ich \u00fcber Facebook und andere Plattformen ver\u00f6ffentlicht, doch da das in einigerma\u00dfen regelm\u00e4\u00dfigen Abst\u00e4nden geschieht, habe ich mich nun entschlossen einen Blog zu beginnen. Ich freue mich \u00fcber Leser und Gucker sowie konstruktive Kommentare. Fragen d\u00fcrfen selbstverst\u00e4ndlich auch gestellt werden. In diesem Sinne Think D! &#8230;or even not. \ud83d\ude09<\/p>\n<blockquote><p>Wir sind Menschen und uns, unserer Selbst, bewusst. Sind Teil der Welt und formen in Ihr, mit Ihr und Sie selbst. Seltener schaffen wir. Unsere M\u00f6glichkeiten zu schaffen sind stark begrenzt, erstaunlich, durch uns selbst.<\/p><\/blockquote>\n<p>Euer<\/p>\n<p>J.Reins<\/p>\n","protected":false},"excerpt":{"rendered":"<p>&nbsp; Worte haben Macht, wenn sie geh\u00f6rt werden. Verstummen sie im Wind, sind sie Wertlos. Optimismus klingt anders, aber&#8230;, aber nichts. Die mei\u00dften Gef\u00fchle sind einseitig. Nicht unbedingt einseitig vorhanden, aber einseitig stark. Ebenso verh\u00e4lt es sich mit Charaktern. vielleicht nicht mit dem Charakter an sich, aber mit den einzelnen Eigenschaften, die man einem Charakter [&hellip;]<\/p>\n","protected":false},"author":1,"featured_media":0,"parent":0,"menu_order":3,"comment_status":"open","ping_status":"closed","template":"","meta":{"footnotes":""},"class_list":["post-8","page","type-page","status-publish","hentry"],"_links":{"self":[{"href":"https:\/\/thidi.de\/index.php?rest_route=\/wp\/v2\/pages\/8","targetHints":{"allow":["GET"]}}],"collection":[{"href":"https:\/\/thidi.de\/index.php?rest_route=\/wp\/v2\/pages"}],"about":[{"href":"https:\/\/thidi.de\/index.php?rest_route=\/wp\/v2\/types\/page"}],"author":[{"embeddable":true,"href":"https:\/\/thidi.de\/index.php?rest_route=\/wp\/v2\/users\/1"}],"replies":[{"embeddable":true,"href":"https:\/\/thidi.de\/index.php?rest_route=%2Fwp%2Fv2%2Fcomments&post=8"}],"version-history":[{"count":3,"href":"https:\/\/thidi.de\/index.php?rest_route=\/wp\/v2\/pages\/8\/revisions"}],"predecessor-version":[{"id":552,"href":"https:\/\/thidi.de\/index.php?rest_route=\/wp\/v2\/pages\/8\/revisions\/552"}],"wp:attachment":[{"href":"https:\/\/thidi.de\/index.php?rest_route=%2Fwp%2Fv2%2Fmedia&parent=8"}],"curies":[{"name":"wp","href":"https:\/\/api.w.org\/{rel}","templated":true}]}}